{"id":90,"date":"2020-05-26T12:35:55","date_gmt":"2020-05-26T12:35:55","guid":{"rendered":"http:\/\/ichschreibdirvonzuhause.art\/?page_id=90"},"modified":"2022-12-04T17:23:28","modified_gmt":"2022-12-04T16:23:28","slug":"ueber","status":"publish","type":"page","link":"https:\/\/ichschreibdirvonzuhause.art\/","title":{"rendered":"\u00dcber"},"content":{"rendered":"\n<p>2022, Corona-Winter #3<\/p>\n\n\n\n<p>Was haben wir gelernt? Was haben wir erfahren? Was hat sich ver\u00e4ndert?<\/p>\n\n\n\n<p>Diese Passage aus einem aktuellen ZEIT Interview mit Christian Drosten macht eine Idee der Bandbreite der Eindr\u00fccke aus bald drei Jahren Corona und dem Wechselbad an Gef\u00fchlen und Themen der Zeit auf:<\/p>\n\n\n\n<p>&#8218;ZEIT: Wir mussten in der Pandemie sehr schnell unterschiedliche Interessen abw\u00e4gen: Wir wollten zuallererst Leben sch\u00fctzen. Dann haben wir gemerkt, wie hoch der Preis daf\u00fcr sein kann: Wir realisierten, dass Kinder ein Recht auf Bildung behalten sollten, wenn wir nicht gro\u00dfe soziale Verwerfungen in der Zukunft riskieren wollen. Haben wir in dieser Pandemie genug dazugelernt \u2013 oder tun wir es noch?<\/p>\n\n\n\n<p>Drosten: Nach meinem Gef\u00fchl steht die Aufarbeitung erst am Anfang. Vielleicht ist das auf eine unbestimmte Zeit nach dem Krieg verschoben. Vielleicht wird es nie dazu kommen. Dabei bin ich mir sicher: Es g\u00e4be noch viel zu diskutieren.&#8216;<\/p>\n\n\n\n<p>Mit ICH SCHREIB DIR VON ZUHAUS habe ich zu Beginn der Pandemie versucht, nicht nur die Wichtigkeit und Notwendigkeit von Kommunikation in der Herausforderung zu thematisieren.<\/p>\n\n\n\n<p>Vor allem ging es um einen Hinweis auf die prek\u00e4re Situation von K\u00fcnstler*innen und Kulturbetrieb.<\/p>\n\n\n\n<p>So unterschiedlich sich diese f\u00fcr die 65 Menschen dargestellt hat, die mir eine Postkarte zur\u00fcckgeschickt haben, so vielf\u00e4ltig ist das Ergebnis, das jetzt ein letztes Mal im Rahmen einer von mir organisierten Ausstellung zu sehen ist.<\/p>\n\n\n\n<p>Die Ausstellung findet im Rahmen und mit Unterst\u00fctzung von <a href=\"http:\/\/www.raumprogramm.ms\" target=\"_blank\" rel=\"noreferrer noopener\"><img loading=\"lazy\" decoding=\"async\" width=\"150\" height=\"62\" class=\"wp-image-730\" style=\"width: 150px;\" src=\"http:\/\/ichschreibdirvonzuhause.art\/wp-content\/uploads\/2022\/12\/C29163A4-3344-4548-BE92-468411F7BEAB.jpeg\" alt=\"\"><\/a> statt. F\u00fcr die Rahmen und Rahmungen Dank an Konrad Abeln <a rel=\"noreferrer noopener\" href=\"http:\/\/www.dst-galerie.de\" target=\"_blank\"><img loading=\"lazy\" decoding=\"async\" width=\"150\" height=\"36\" class=\"wp-image-660\" style=\"width: 150px;\" src=\"http:\/\/ichschreibdirvonzuhause.art\/wp-content\/uploads\/2021\/04\/dst-logo.gif\" alt=\"\"><\/a><\/p>\n\n\n\n<p>Zu \u00d6ffnungszeiten siehe <a rel=\"noreferrer noopener\" href=\"https:\/\/ichschreibdirvonzuhause.art\/?page_id=255\" data-type=\"page\" data-id=\"255\" target=\"_blank\">DIE AUSSTELLUNG<\/a> <\/p>\n\n\n\n<figure class=\"wp-block-image size-large is-resized\"><img loading=\"lazy\" decoding=\"async\" src=\"http:\/\/ichschreibdirvonzuhause.art\/wp-content\/uploads\/2022\/12\/B85720A0-1FEB-4EB1-8295-8F83ED19927A-730x1024.jpeg\" alt=\"\" class=\"wp-image-723\" width=\"730\" height=\"1024\"\/><figcaption class=\"wp-element-caption\"><br><\/figcaption><\/figure>\n\n\n\n<p><\/p>\n\n\n\n<p><\/p>\n\n\n\n<div class=\"wp-block-group\"><div class=\"wp-block-group__inner-container is-layout-flow wp-block-group-is-layout-flow\">\n<div class=\"wp-block-columns is-layout-flex wp-container-core-columns-is-layout-9d6595d7 wp-block-columns-is-layout-flex\">\n<div class=\"wp-block-column is-layout-flow wp-block-column-is-layout-flow\" style=\"flex-basis:100%\">\n<div class=\"wp-block-group\"><div class=\"wp-block-group__inner-container is-layout-flow wp-block-group-is-layout-flow\">\n<figure class=\"wp-block-video\"><video height=\"720\" style=\"aspect-ratio: 1280 \/ 720;\" width=\"1280\" controls poster=\"http:\/\/ichschreibdirvonzuhause.art\/wp-content\/uploads\/2021\/04\/IMG_6568-scaled.jpeg\" src=\"http:\/\/ichschreibdirvonzuhause.art\/wp-content\/uploads\/2021\/05\/FilmDuesseldorf.mp4\"><\/video><\/figure>\n\n\n\n<p><\/p>\n\n\n\n<p><\/p>\n\n\n\n<p>Alles begann vor ziemlich genau einem Jahr. Die Idee zum Projekt &#8218;Ich Schreib Dir Von Zuhause&#8216; entstand, eine erste Ausstellung der Arbeiten in der <a rel=\"noreferrer noopener\" href=\"http:\/\/www.dst-galerie.de\" target=\"_blank\"><img loading=\"lazy\" decoding=\"async\" width=\"150\" height=\"36\" class=\"wp-image-660\" style=\"width: 150px;\" src=\"http:\/\/ichschreibdirvonzuhause.art\/wp-content\/uploads\/2021\/04\/dst-logo.gif\" alt=\"\"><\/a> in M\u00fcnster folgte im Sommer 2020. <\/p>\n\n\n\n<p>Auch wenn nun in diesem Jahr die bleibende Aktualit\u00e4t der Umst\u00e4nde eigentlich kein Grund zur Freude ist, freue ich mich doch \u00fcber die M\u00f6glichkeit, &#8218;Ich Schreib Dir Von Zuhause&#8216; erneut zeigen zu k\u00f6nnen.<\/p>\n\n\n\n<p>Nach der Ausstellung im SUPERRAUM von <a rel=\"noreferrer noopener\" href=\"https:\/\/dortmund-kreativ.de\" target=\"_blank\"><img loading=\"lazy\" decoding=\"async\" width=\"120\" height=\"47\" class=\"wp-image-580\" style=\"width: 120px;\" src=\"http:\/\/ichschreibdirvonzuhause.art\/wp-content\/uploads\/2021\/03\/DortmundKreativ-Logo.png\" alt=\"\" srcset=\"https:\/\/ichschreibdirvonzuhause.art\/wp-content\/uploads\/2021\/03\/DortmundKreativ-Logo.png 568w, https:\/\/ichschreibdirvonzuhause.art\/wp-content\/uploads\/2021\/03\/DortmundKreativ-Logo-300x117.png 300w\" sizes=\"auto, (max-width: 120px) 100vw, 120px\" \/><\/a> <\/p>\n\n\n\n<p>geht es nun im Mai und bis Mitte Juni in die <\/p>\n\n\n\n<figure class=\"wp-block-image is-resized\"><a href=\"www.baustelle-schaustelle.de\"><img loading=\"lazy\" decoding=\"async\" src=\"https:\/\/kunstvereine.de\/sites\/default\/files\/logos\/logo_baustelleschaustelle_full.jpg\" alt=\"\" width=\"358\" height=\"69\"\/><\/a><\/figure>\n\n\n\n<p>in D\u00fcsseldorf.<\/p>\n\n\n\n<p>Ob und wann ein Besuch m\u00f6glich ist, erfahrt ihr hier unter <a href=\"https:\/\/ichschreibdirvonzuhause.art\/?page_id=255\" data-type=\"page\" data-id=\"255\">Die Ausstellung<\/a> und unter <a rel=\"noreferrer noopener\" href=\"https:\/\/dortmund-kreativ.de\/2021\/03\/10\/eroeffnung-superraum-besondere-zeiten\/\" target=\"_blank\"> www.baustelle-schaustelle.de<\/a><\/p>\n\n\n\n<p><\/p>\n\n\n\n<p><\/p>\n\n\n\n<p><strong>&#8218;Ich Schreib Dir Von Zuhause&#8216;<\/strong><\/p>\n\n\n\n<p class=\"has-drop-cap\"><strong>Kultur- und Kunstszene m\u00f6gen abstrakte Begrifflichkeiten sein, ihre Gestaltung und unsere Teilhabe bisher \u2014 unter \u201agewohnten\u2018 Gegebenheiten \u2014 immer auch herausfordernde, aber so etwas wie allt\u00e4gliche \u201aNormalit\u00e4t\u2019. Wir sind es gewohnt, Ausstellungen zu besuchen, Kunst und Kultur zu konsumieren, zu diskutieren, dar\u00fcber zu schreiben, im direkten Gespr\u00e4ch mit K\u00fcnstler*innen zu stehen, so wie diese es ebenso, und dr\u00fcber hinaus, gewohnt sind, ihre Arbeit als Broterwerb mit gesellschaftlich relevantem Mehrwert zu produzieren, zu zeigen, zu verkaufen.<\/strong><\/p>\n\n\n\n<!--more-->\n\n\n\n<p><strong>Die derzeitige Situation, hervorgerufen durch die Corona-Pandemie, hat f\u00fcr alle Teilnehmer am Kulturleben einschneidende bis existenzielle Ver\u00e4nderungen mit sich gebracht.<\/strong><\/p>\n\n\n\n<p><strong>Gestrichene oder verschobene Ausstellungen, gek\u00fcrzte Ankaufs- oder F\u00f6rderprogramme, fehlende Publizit\u00e4t, fehlende direkte Kommunikation und die h\u00e4ufig fehlende Wertsch\u00e4tzung \u2013 auch in Form finanzieller Unterst\u00fctzung \u2013 durch die \u00f6ffentliche Hand etwa, f\u00fchren zu einer notwendigen und h\u00e4ufig schwierigen Neubewertung des k\u00fcnstlerischen Handelns als erheblichem Teil des Lebens.<\/strong><\/p>\n\n\n\n<p><strong>K\u00fcnstler*innen leben \u2014 so \u00fcbertragen wie konkret \u2014 vom direkten Kontakt zum Publikum, von einer Interaktion, die die Wirkung ihrer Arbeit sp\u00fcrbar, erlebbar macht. Neben den finanziellen Einbu\u00dfen und Herausforderungen gilt es, auch diese Fehlstelle im Denken und eventuell im Werk zu verarbeiten.<\/strong><\/p>\n\n\n\n<p><strong>Die Aufrechterhaltung einer Kommunikation zwischen K\u00fcnstler*innen und Publikum schien mir, scheint mir bis heute, eine entscheidende Ma\u00dfnahme, das kulturelle Leben im m\u00f6glichen Ma\u00dfe lebendig zu halten. Zu dieser Kommunikation geh\u00f6ren dabei ganz sicher die Mittel der digitalen Pr\u00e4senz, aber eben auch fast schon antiquiert wirkende Wege, wie Briefe oder eben Postkarten.<\/strong><\/p>\n\n\n\n<p><strong>Grundlage f\u00fcr das Projekt \u201aIch Schreib Dir Von Zuhause\u2018 war, neben der erw\u00e4hnten Notwendigkeit einer bleibenden Kommunikation, die besondere Beschaffenheit einer vorgegeben, also bestimmten und \u2014 den Beschr\u00e4nkungen der Zeit folgenden \u2014 einschr\u00e4nkenden Projektionsfl\u00e4che f\u00fcr Gedanken, Bilder, Impulse, Fragen etc.<\/strong><\/p>\n\n\n\n<p><strong>\u00dcber 60 K\u00fcnstler*innen, junge wie etablierte, aus M\u00fcnster wie aus ganz Deutschland, haben dieser Idee folgend eine leere und an mich adressierte Postkarte erhalten, erg\u00e4nzt um diesen Text:<\/strong><\/p>\n\n\n\n<p><em><strong>\u201aBei aller Ruhe, die uns gerade umgeben mag, ist da doch das laute Grollen der Abh\u00e4ngigkeiten zu vernehmen, deren seltsam zwiesp\u00e4ltige Sicherheit wir nun in ihrer Erosion erleben.<\/strong><\/em><\/p>\n\n\n\n<p><em><strong>Was bleibt und was geht, wo stehen wir und was wird kommen?&nbsp;<\/strong><\/em><\/p>\n\n\n\n<p><em><strong>Ich schicke eine leere, frankierte Postkarte, eine Bitte:&nbsp;<\/strong><\/em><\/p>\n\n\n\n<p><em><strong>ein Bild zu finden f\u00fcr die Fragen, die im Raum stehen, vielleicht die Frage selbst, eine Hoffnung, ein Wunsch, ein Impuls, eine Sehnsucht, ein Auftrag.<\/strong><\/em><\/p>\n\n\n\n<p><em><strong>Ganz frei.\u2019<\/strong><\/em><\/p>\n\n\n\n<p><strong>Die zur\u00fcckgesandten Karten sind Zeugnisse f\u00fcr die Vielf\u00e4ltigkeit k\u00fcnstlerischen Arbeitens einerseits, andererseits, und vor allem, aber auch Hinweise auf die Gedanken, die Ver\u00e4nderungen und Herausforderungen, denen die Beteiligten, als Abschnitt der Vielfalt, gegen\u00fcberstehen.<\/strong><\/p>\n<\/div><\/div>\n<\/div>\n<\/div>\n<\/div><\/div>\n","protected":false},"excerpt":{"rendered":"<p>Alles begann vor ziemlich genau einem Jahr. Die Idee zum Projekt &#8218;Ich Schreib Dir Von Zuhause&#8216; entstand, eine erste Ausstellung der Arbeiten in der in M\u00fcnster folgte im Sommer 2020. Auch wenn nun in diesem Jahr die bleibende Aktualit\u00e4t der Umst\u00e4nde eigentlich kein Grund zur Freude ist, freue ich mich doch \u00fcber die M\u00f6glichkeit, &#8218;Ich&hellip;<a href=\"https:\/\/ichschreibdirvonzuhause.art\/\" class=\"more-link\">Continue reading <span class=\"screen-reader-text\">\u00dcber<\/span><\/a><\/p>\n","protected":false},"author":1,"featured_media":0,"parent":0,"menu_order":0,"comment_status":"closed","ping_status":"closed","template":"","meta":{"footnotes":""},"class_list":["post-90","page","type-page","status-publish","hentry"],"jetpack_sharing_enabled":true,"_links":{"self":[{"href":"https:\/\/ichschreibdirvonzuhause.art\/index.php?rest_route=\/wp\/v2\/pages\/90","targetHints":{"allow":["GET"]}}],"collection":[{"href":"https:\/\/ichschreibdirvonzuhause.art\/index.php?rest_route=\/wp\/v2\/pages"}],"about":[{"href":"https:\/\/ichschreibdirvonzuhause.art\/index.php?rest_route=\/wp\/v2\/types\/page"}],"author":[{"embeddable":true,"href":"https:\/\/ichschreibdirvonzuhause.art\/index.php?rest_route=\/wp\/v2\/users\/1"}],"replies":[{"embeddable":true,"href":"https:\/\/ichschreibdirvonzuhause.art\/index.php?rest_route=%2Fwp%2Fv2%2Fcomments&post=90"}],"version-history":[{"count":23,"href":"https:\/\/ichschreibdirvonzuhause.art\/index.php?rest_route=\/wp\/v2\/pages\/90\/revisions"}],"predecessor-version":[{"id":738,"href":"https:\/\/ichschreibdirvonzuhause.art\/index.php?rest_route=\/wp\/v2\/pages\/90\/revisions\/738"}],"wp:attachment":[{"href":"https:\/\/ichschreibdirvonzuhause.art\/index.php?rest_route=%2Fwp%2Fv2%2Fmedia&parent=90"}],"curies":[{"name":"wp","href":"https:\/\/api.w.org\/{rel}","templated":true}]}}