{"id":76,"date":"2020-05-26T13:25:52","date_gmt":"2020-05-26T12:25:52","guid":{"rendered":"http:\/\/ichschreibdirvonzuhause.art\/?page_id=76"},"modified":"2023-01-16T18:52:13","modified_gmt":"2023-01-16T17:52:13","slug":"die-texte","status":"publish","type":"page","link":"https:\/\/ichschreibdirvonzuhause.art\/?page_id=76","title":{"rendered":"Die Texte 2020"},"content":{"rendered":"\n<div class=\"wp-block-group\"><div class=\"wp-block-group__inner-container is-layout-flow wp-block-group-is-layout-flow\">\n<h2 class=\"wp-block-heading\">Miriam Jonas<\/h2>\n\n\n\n<p>Lieber Kai,<\/p>\n\n\n\n<p>danke, dass du dein Postkartenprojekt auch an mich gerichtet hast.<\/p>\n\n\n\n<p>Ich denke, dass mein Beitrag in vielerlei Hinsicht f\u00fcr sich spricht, da es sich um eine sehr allgemeine, symbolische Form in der momentanen Situation handelt. Die Behelfsmaske, der Mund-Nasen-Schutz. Vielleicht bekommst du sogar von anderen einen \u00e4hnlichen Beitrag. Es ist ja immer interessant, wie parallel K\u00fcnstler*innen denken.<\/p>\n\n\n\n<p>Dennoch bzw. deshalb m\u00f6chte ich dir ein wenig mehr schreiben, um dir meinen pers\u00f6nlichen Hintergrund zu erl\u00e4utern. Ich wette, auch diesen teile ich mit einigen.<\/p>\n\n\n\n<p>Gleich zu Beginn der Corona-Krise setzte ich mich voller \u00dcberzeugung im Akkord an die N\u00e4hmaschine und war beseelt von dem Gedanken, Behelfsmasken an Berliner Pflegeheime zu spenden. Ich tat es \u2013 und damit auch mir etwas Gutes. Es half denen, die danach verlangten, und gab mir erstaunlicher Halt.<\/p>\n\n\n\n<p>Nach ein paar Tagen wurde es schwieriger. Nicht nur, weil \u00fcberall der Krieg der Kurzwaren w\u00fctete. Nein, auch meine eigene gedankliche Elastizit\u00e4t lie\u00df nach wie kochfeste Gummilitze (so nennt sich das&#8230; ein Wort, das ich aus dieser Krise f\u00fcr mich dazu gelernt habe wie andere Triage). Ich war genervt von den Mechanismen, Erwartungen, Unsicherheiten, Stereotype und W\u00fcnschen, die dieses f\u00fcr alle \u00fcberraschend neue Feld auch in mir erzeugte.<\/p>\n\n\n\n<p>Ich begann, meine eigenen guten Absichten zu drehen und zu wenden. Wie ehrlich ist und wie weit geht meine Solidarit\u00e4t? Wann denke ich mir, dass ich keine Lust mehr habe, ein Tropfen auf dem heissen Stein zu sein, obwohl ich wei\u00df, dass jede Maske hilft? Wo liegt eigentlich mein privilegiertes Problem??<\/p>\n\n\n\n<p>Bin ich als K\u00fcnstlerin so narzisstisch, dass ich sp\u00e4testens nach ein paar Tagen selbstgew\u00e4hlten allgemeinn\u00fctzigen Arbeitens einen \u00fcber dies hinausgehenden &#8218;k\u00fcnstlerischen Sinn&#8216; erkennen muss? Ist das andererseits nicht genau mein Deal mit meinem Leben und der Gesellschaft?<\/p>\n\n\n\n<p>Und wieso akzeptiere ich, dass man mich allgemein privilegiert nennt, aber niemals, wenn das K\u00fcnstlerinnensein als Privileg bezeichnet wird?<\/p>\n\n\n\n<p>Das Grollen der Abh\u00e4ngigkeit, von dem su sprichst, ist vielleicht in erster Linie die Abh\u00e4ngigkeit davon, sich selber (mit oder ohne Maske) morgens im Spiegel noch erkennen zu wollen.<\/p>\n\n\n\n<p>Alles Gute und Danke f\u00fcr die Gelegenheit, \u00fcber das Gute und das Grollen nachzudenken.<\/p>\n<\/div><\/div>\n\n\n\n<p><\/p>\n\n\n\n<div class=\"wp-block-group\"><div class=\"wp-block-group__inner-container is-layout-flow wp-block-group-is-layout-flow\">\n<h2 class=\"wp-block-heading\">Theresa Katharina Horlacher<\/h2>\n\n\n\n<p>Wien was bringt dir dein Prunk<\/p>\n\n\n\n<p>Was bringen dir deine H\u00e4user<\/p>\n\n\n\n<p>und deine Pferde. Was bringen dir <\/p>\n\n\n\n<p>die Caf\u00e9s, was bringt dir dein<\/p>\n\n\n\n<p>Reichtum? Es hat so wenig Sinn.<\/p>\n\n\n\n<p>Ohne Menschen in dir. So wenig <\/p>\n\n\n\n<p>Leben in dir. Aber doch keine Gefahr<\/p>\n\n\n\n<p>f\u00fcr dich. Du bist so sch\u00f6n dass dir<\/p>\n\n\n\n<p>keiner was kann. Deine Sch\u00f6n-<\/p>\n\n\n\n<p>seit ist Schutzschild. Das untersch-<\/p>\n\n\n\n<p>eidet uns .<\/p>\n\n\n\n<p>Und<\/p>\n\n\n\n<p>Ich liebe alles was ich momentan <\/p>\n\n\n\n<p>nicht haben kann und sch\u00e4me<\/p>\n\n\n\n<p>mich f\u00fcr meine Oberfl\u00e4chlichkeit<\/p>\n\n\n\n<p>und meine Schw\u00e4che. Die Angst <\/p>\n\n\n\n<p>allein zu sein w\u00e4chst am einen<\/p>\n\n\n\n<p>und schrumpft am n\u00e4chsten Tag.<\/p>\n\n\n\n<p>Gespr\u00e4che voller Hoffnung die<\/p>\n\n\n\n<p>doch keine Besserung versprechen.<\/p>\n\n\n\n<p>Ich bin geduldig, eine Eigen-<\/p>\n\n\n\n<p>Schaft die mir zu Gute kommt<\/p>\n\n\n\n<p>in der Krise. Dies ist nicht<\/p>\n\n\n\n<p>meine Krise. Keine Lebenskrise.<\/p>\n\n\n\n<p>Ich hatte schlimmere Krisen. Auf<\/p>\n\n\n\n<p>die ich stolz bin sie \u00fcberlebt zu haben.<\/p>\n<\/div><\/div>\n\n\n\n<p><\/p>\n\n\n\n<div class=\"wp-block-group\"><div class=\"wp-block-group__inner-container is-layout-flow wp-block-group-is-layout-flow\">\n<div class=\"wp-block-group alignwide\"><div class=\"wp-block-group__inner-container is-layout-flow wp-block-group-is-layout-flow\">\n<h2 class=\"wp-block-heading\">Nora Gomringer<\/h2>\n\n\n\n<p class=\"has-text-align-left\">Trost: Toast duftet noch<\/p>\n\n\n\n<p class=\"has-text-align-left\">          V\u00f6gel treffen ihre T\u00f6ne<\/p>\n\n\n\n<p class=\"has-text-align-left\">          Mama ist noch zu erreichen<\/p>\n\n\n\n<p class=\"has-text-align-left\">          Ich nehme zu, als g\u00e4b&#8217;s <\/p>\n\n\n\n<p class=\"has-text-align-left\">          (k)ein Morgen<\/p>\n<\/div><\/div>\n<\/div><\/div>\n\n\n\n<p>         <\/p>\n","protected":false},"excerpt":{"rendered":"<p>Miriam Jonas Lieber Kai, danke, dass du dein Postkartenprojekt auch an mich gerichtet hast. Ich denke, dass mein Beitrag in vielerlei Hinsicht f\u00fcr sich spricht, da es sich um eine sehr allgemeine, symbolische Form in der momentanen Situation handelt. Die Behelfsmaske, der Mund-Nasen-Schutz. Vielleicht bekommst du sogar von anderen einen \u00e4hnlichen Beitrag. Es ist ja&hellip;<a href=\"https:\/\/ichschreibdirvonzuhause.art\/?page_id=76\" class=\"more-link\">Continue reading <span class=\"screen-reader-text\">Die Texte 2020<\/span><\/a><\/p>\n","protected":false},"author":1,"featured_media":0,"parent":0,"menu_order":0,"comment_status":"closed","ping_status":"closed","template":"","meta":{"footnotes":""},"class_list":["post-76","page","type-page","status-publish","hentry"],"jetpack_sharing_enabled":true,"_links":{"self":[{"href":"https:\/\/ichschreibdirvonzuhause.art\/index.php?rest_route=\/wp\/v2\/pages\/76","targetHints":{"allow":["GET"]}}],"collection":[{"href":"https:\/\/ichschreibdirvonzuhause.art\/index.php?rest_route=\/wp\/v2\/pages"}],"about":[{"href":"https:\/\/ichschreibdirvonzuhause.art\/index.php?rest_route=\/wp\/v2\/types\/page"}],"author":[{"embeddable":true,"href":"https:\/\/ichschreibdirvonzuhause.art\/index.php?rest_route=\/wp\/v2\/users\/1"}],"replies":[{"embeddable":true,"href":"https:\/\/ichschreibdirvonzuhause.art\/index.php?rest_route=%2Fwp%2Fv2%2Fcomments&post=76"}],"version-history":[{"count":4,"href":"https:\/\/ichschreibdirvonzuhause.art\/index.php?rest_route=\/wp\/v2\/pages\/76\/revisions"}],"predecessor-version":[{"id":759,"href":"https:\/\/ichschreibdirvonzuhause.art\/index.php?rest_route=\/wp\/v2\/pages\/76\/revisions\/759"}],"wp:attachment":[{"href":"https:\/\/ichschreibdirvonzuhause.art\/index.php?rest_route=%2Fwp%2Fv2%2Fmedia&parent=76"}],"curies":[{"name":"wp","href":"https:\/\/api.w.org\/{rel}","templated":true}]}}