{"id":717,"date":"2022-12-04T14:17:05","date_gmt":"2022-12-04T13:17:05","guid":{"rendered":"https:\/\/ichschreibdirvonzuhause.art\/?page_id=717"},"modified":"2023-01-04T12:56:35","modified_gmt":"2023-01-04T11:56:35","slug":"die-ausstellung-in-muenster-2022","status":"publish","type":"page","link":"https:\/\/ichschreibdirvonzuhause.art\/?page_id=717","title":{"rendered":"Die Ausstellung in M\u00fcnster 2022"},"content":{"rendered":"\n<p><strong>Corona-Winter #3<br \/>Was haben wir gelernt? Was haben wir erfahren? Was hat sich ver\u00e4ndert?<\/strong><br \/><br \/><br \/>Diese Passage aus einem aktuellen ZEIT Interview mit Christian Drosten macht eine Idee der Bandbreite der Eindr\u00fccke aus bald drei Jahren Corona und dem Wechselbad an Gef\u00fchlen und Themen der Zeit auf:<br \/><br \/><br \/>&#8218;ZEIT: Wir mussten in der Pandemie sehr schnell unterschiedliche Interessen abw\u00e4gen: Wir wollten zuallererst Leben sch\u00fctzen. Dann haben wir gemerkt, wie hoch der Preis daf\u00fcr sein kann: Wir realisierten, dass Kinder ein Recht auf Bildung behalten sollten, wenn wir nicht gro\u00dfe soziale Verwerfungen in der Zukunft riskieren wollen. Haben wir in dieser Pandemie genug dazugelernt \u2013 oder tun wir es noch?<br \/>Drosten: Nach meinem Gef\u00fchl steht die Aufarbeitung erst am Anfang. Vielleicht ist das auf eine unbestimmte Zeit nach dem Krieg verschoben. Vielleicht wird es nie dazu kommen. Dabei bin ich mir sicher: Es g\u00e4be noch viel zu diskutieren.&#8216;<br \/><br \/><br \/>Mit ICH SCHREIB DIR VON ZUHAUSE habe ich zu Beginn der Pandemie versucht, nicht nur die Wichtigkeit und Notwendigkeit von Kommunikation in der Herausforderung zu thematisieren.<br \/>Vor allem ging es um einen Hinweis auf die prek\u00e4re Situation von K\u00fcnstler*innen und Kulturbetrieb.<br \/>So unterschiedlich sich diese f\u00fcr die 65 Menschen dargestellt hat, die mir eine Postkarte zur\u00fcckgeschickt haben, so vielf\u00e4ltig ist das Ergebnis, das jetzt ein letztes Mal im Rahmen einer von mir organisierten Ausstellung zu sehen ist.<br \/><br \/><br \/>Ort:<br \/>RAUMPROGRAMM<br \/>Hansaring 12<br \/>48155 M\u00fcnster<br \/><br \/><br \/>Zeit:<br \/>11.12.2022 &#8211; <strong>28<\/strong>.01.2023<br \/><br \/><br \/>Vernissage: 11.12.2022 ab 14 Uhr <br \/><br \/><br \/>\u00d6ffnungszeiten: siehe <a data-type=\"page\" data-id=\"255\" rel=\"noreferrer noopener\" href=\"https:\/\/ichschreibdirvonzuhause.art\/?page_id=255\" target=\"_blank\">DIE AUSSTELLUNG<\/a> <\/p>\n\n\n\n<div class=\"wp-block-file\"><a href=\"http:\/\/ichschreibdirvonzuhause.art\/wp-content\/uploads\/2022\/12\/3C5D467E-B37F-4773-AB82-FD164B3F4765.jpeg\" class=\"wp-block-file__button wp-element-button\" download>Herunterladen<\/a><\/div>\n\n\n\n<figure class=\"wp-block-image size-large\"><img loading=\"lazy\" decoding=\"async\" width=\"730\" height=\"1024\" src=\"https:\/\/ichschreibdirvonzuhause.art\/wp-content\/uploads\/2022\/12\/B85720A0-1FEB-4EB1-8295-8F83ED19927A-730x1024.jpeg\" alt=\"\" class=\"wp-image-723\"\/><\/figure>\n","protected":false},"excerpt":{"rendered":"<p>Corona-Winter #3Was haben wir gelernt? Was haben wir erfahren? Was hat sich ver\u00e4ndert? Diese Passage aus einem aktuellen ZEIT Interview mit Christian Drosten macht eine Idee der Bandbreite der Eindr\u00fccke aus bald drei Jahren Corona und dem Wechselbad an Gef\u00fchlen und Themen der Zeit auf: &#8218;ZEIT: Wir mussten in der Pandemie sehr schnell unterschiedliche Interessen&hellip;<a href=\"https:\/\/ichschreibdirvonzuhause.art\/?page_id=717\" class=\"more-link\">Continue reading <span class=\"screen-reader-text\">Die Ausstellung in M\u00fcnster 2022<\/span><\/a><\/p>\n","protected":false},"author":1,"featured_media":0,"parent":0,"menu_order":0,"comment_status":"closed","ping_status":"closed","template":"","meta":{"footnotes":""},"class_list":["post-717","page","type-page","status-publish","hentry"],"jetpack_sharing_enabled":true,"_links":{"self":[{"href":"https:\/\/ichschreibdirvonzuhause.art\/index.php?rest_route=\/wp\/v2\/pages\/717","targetHints":{"allow":["GET"]}}],"collection":[{"href":"https:\/\/ichschreibdirvonzuhause.art\/index.php?rest_route=\/wp\/v2\/pages"}],"about":[{"href":"https:\/\/ichschreibdirvonzuhause.art\/index.php?rest_route=\/wp\/v2\/types\/page"}],"author":[{"embeddable":true,"href":"https:\/\/ichschreibdirvonzuhause.art\/index.php?rest_route=\/wp\/v2\/users\/1"}],"replies":[{"embeddable":true,"href":"https:\/\/ichschreibdirvonzuhause.art\/index.php?rest_route=%2Fwp%2Fv2%2Fcomments&post=717"}],"version-history":[{"count":6,"href":"https:\/\/ichschreibdirvonzuhause.art\/index.php?rest_route=\/wp\/v2\/pages\/717\/revisions"}],"predecessor-version":[{"id":753,"href":"https:\/\/ichschreibdirvonzuhause.art\/index.php?rest_route=\/wp\/v2\/pages\/717\/revisions\/753"}],"wp:attachment":[{"href":"https:\/\/ichschreibdirvonzuhause.art\/index.php?rest_route=%2Fwp%2Fv2%2Fmedia&parent=717"}],"curies":[{"name":"wp","href":"https:\/\/api.w.org\/{rel}","templated":true}]}}